{"id":1393,"date":"2021-06-15T14:54:52","date_gmt":"2021-06-15T12:54:52","guid":{"rendered":"https:\/\/deco-glas.de\/projets\/schaumwein\/"},"modified":"2022-01-18T17:06:38","modified_gmt":"2022-01-18T16:06:38","slug":"champagne","status":"publish","type":"page","link":"https:\/\/deco-glas.de\/fr\/projets\/champagne\/","title":{"rendered":"Champagne"},"content":{"rendered":"","protected":false},"excerpt":{"rendered":"","protected":false},"author":1,"featured_media":0,"parent":1370,"menu_order":0,"comment_status":"closed","ping_status":"closed","template":"","meta":{"_acf_changed":false,"inline_featured_image":false,"footnotes":""},"class_list":["post-1393","page","type-page","status-publish","hentry"],"acf":[],"yoast_head":"<!-- This site is optimized with the Yoast SEO plugin v27.4 - https:\/\/yoast.com\/product\/yoast-seo-wordpress\/ -->\n<title>Champagne &#8211; DECO GLAS D\u00e9coration de bouteilles en verre<\/title>\n<meta name=\"description\" content=\"P\u00e9tillant, rafra\u00eechissant, p\u00e9tillant \u2013 le champagne est synonyme de plaisir exquis. Une d\u00e9coration de bouteilles en verre renforce les attributs positifs de votre produit.\" \/>\n<meta name=\"robots\" content=\"index, follow, max-snippet:-1, max-image-preview:large, max-video-preview:-1\" \/>\n<link rel=\"canonical\" href=\"https:\/\/deco-glas.de\/fr\/projets\/champagne\/\" \/>\n<meta property=\"og:locale\" content=\"fr_FR\" \/>\n<meta property=\"og:type\" content=\"article\" \/>\n<meta property=\"og:title\" content=\"Champagne &#8211; DECO GLAS D\u00e9coration de bouteilles en verre\" \/>\n<meta property=\"og:description\" content=\"P\u00e9tillant, rafra\u00eechissant, p\u00e9tillant \u2013 le champagne est synonyme de plaisir exquis. Une d\u00e9coration de bouteilles en verre renforce les attributs positifs de votre produit.\" \/>\n<meta property=\"og:url\" content=\"https:\/\/deco-glas.de\/fr\/projets\/champagne\/\" \/>\n<meta property=\"og:site_name\" content=\"DECO GLAS D\u00e9coration de bouteilles en verre\" \/>\n<meta property=\"article:modified_time\" content=\"2022-01-18T16:06:38+00:00\" \/>\n<meta property=\"og:image\" content=\"https:\/\/deco-glas.de\/wp-content\/uploads\/2021\/07\/mionetto.jpg\" \/>\n\t<meta property=\"og:image:width\" content=\"2000\" \/>\n\t<meta property=\"og:image:height\" content=\"1333\" \/>\n\t<meta property=\"og:image:type\" content=\"image\/jpeg\" \/>\n<meta name=\"twitter:card\" content=\"summary_large_image\" \/>\n<script type=\"application\/ld+json\" class=\"yoast-schema-graph\">{\"@context\":\"https:\\\/\\\/schema.org\",\"@graph\":[{\"@type\":\"WebPage\",\"@id\":\"https:\\\/\\\/deco-glas.de\\\/fr\\\/projets\\\/champagne\\\/\",\"url\":\"https:\\\/\\\/deco-glas.de\\\/fr\\\/projets\\\/champagne\\\/\",\"name\":\"Champagne &#8211; DECO GLAS D\u00e9coration de bouteilles en verre\",\"isPartOf\":{\"@id\":\"https:\\\/\\\/deco-glas.de\\\/fr\\\/#website\"},\"datePublished\":\"2021-06-15T12:54:52+00:00\",\"dateModified\":\"2022-01-18T16:06:38+00:00\",\"description\":\"P\u00e9tillant, rafra\u00eechissant, p\u00e9tillant \u2013 le champagne est synonyme de plaisir exquis. Une d\u00e9coration de bouteilles en verre renforce les attributs positifs de votre produit.\",\"breadcrumb\":{\"@id\":\"https:\\\/\\\/deco-glas.de\\\/fr\\\/projets\\\/champagne\\\/#breadcrumb\"},\"inLanguage\":\"fr-FR\",\"potentialAction\":[{\"@type\":\"ReadAction\",\"target\":[\"https:\\\/\\\/deco-glas.de\\\/fr\\\/projets\\\/champagne\\\/\"]}]},{\"@type\":\"BreadcrumbList\",\"@id\":\"https:\\\/\\\/deco-glas.de\\\/fr\\\/projets\\\/champagne\\\/#breadcrumb\",\"itemListElement\":[{\"@type\":\"ListItem\",\"position\":1,\"name\":\"Home\",\"item\":\"https:\\\/\\\/deco-glas.de\\\/fr\\\/\"},{\"@type\":\"ListItem\",\"position\":2,\"name\":\"Votre projet\",\"item\":\"https:\\\/\\\/deco-glas.de\\\/fr\\\/projets\\\/\"},{\"@type\":\"ListItem\",\"position\":3,\"name\":\"Champagne\"}]},{\"@type\":\"WebSite\",\"@id\":\"https:\\\/\\\/deco-glas.de\\\/fr\\\/#website\",\"url\":\"https:\\\/\\\/deco-glas.de\\\/fr\\\/\",\"name\":\"DECO GLAS D\u00e9coration de bouteilles en verre\",\"description\":\"Expert en d\u00e9coration de bouteilles en verre\",\"publisher\":{\"@id\":\"https:\\\/\\\/deco-glas.de\\\/fr\\\/#organization\"},\"potentialAction\":[{\"@type\":\"SearchAction\",\"target\":{\"@type\":\"EntryPoint\",\"urlTemplate\":\"https:\\\/\\\/deco-glas.de\\\/fr\\\/?s={search_term_string}\"},\"query-input\":{\"@type\":\"PropertyValueSpecification\",\"valueRequired\":true,\"valueName\":\"search_term_string\"}}],\"inLanguage\":\"fr-FR\"},{\"@type\":\"Organization\",\"@id\":\"https:\\\/\\\/deco-glas.de\\\/fr\\\/#organization\",\"name\":\"DECO GLAS\",\"url\":\"https:\\\/\\\/deco-glas.de\\\/fr\\\/\",\"logo\":{\"@type\":\"ImageObject\",\"inLanguage\":\"fr-FR\",\"@id\":\"https:\\\/\\\/deco-glas.de\\\/fr\\\/#\\\/schema\\\/logo\\\/image\\\/\",\"url\":\"https:\\\/\\\/deco-glas.de\\\/wp-content\\\/uploads\\\/2021\\\/07\\\/deco-glas.svg\",\"contentUrl\":\"https:\\\/\\\/deco-glas.de\\\/wp-content\\\/uploads\\\/2021\\\/07\\\/deco-glas.svg\",\"width\":\"1024\",\"height\":\"1024\",\"caption\":\"DECO GLAS\"},\"image\":{\"@id\":\"https:\\\/\\\/deco-glas.de\\\/fr\\\/#\\\/schema\\\/logo\\\/image\\\/\"}}]}<\/script>\n<!-- \/ Yoast SEO plugin. -->","yoast_head_json":{"title":"Champagne &#8211; DECO GLAS D\u00e9coration de bouteilles en verre","description":"P\u00e9tillant, rafra\u00eechissant, p\u00e9tillant \u2013 le champagne est synonyme de plaisir exquis. Une d\u00e9coration de bouteilles en verre renforce les attributs positifs de votre produit.","robots":{"index":"index","follow":"follow","max-snippet":"max-snippet:-1","max-image-preview":"max-image-preview:large","max-video-preview":"max-video-preview:-1"},"canonical":"https:\/\/deco-glas.de\/fr\/projets\/champagne\/","og_locale":"fr_FR","og_type":"article","og_title":"Champagne &#8211; DECO GLAS D\u00e9coration de bouteilles en verre","og_description":"P\u00e9tillant, rafra\u00eechissant, p\u00e9tillant \u2013 le champagne est synonyme de plaisir exquis. Une d\u00e9coration de bouteilles en verre renforce les attributs positifs de votre produit.","og_url":"https:\/\/deco-glas.de\/fr\/projets\/champagne\/","og_site_name":"DECO GLAS D\u00e9coration de bouteilles en verre","article_modified_time":"2022-01-18T16:06:38+00:00","og_image":[{"width":2000,"height":1333,"url":"https:\/\/deco-glas.de\/wp-content\/uploads\/2021\/07\/mionetto.jpg","type":"image\/jpeg"}],"twitter_card":"summary_large_image","schema":{"@context":"https:\/\/schema.org","@graph":[{"@type":"WebPage","@id":"https:\/\/deco-glas.de\/fr\/projets\/champagne\/","url":"https:\/\/deco-glas.de\/fr\/projets\/champagne\/","name":"Champagne &#8211; DECO GLAS D\u00e9coration de bouteilles en verre","isPartOf":{"@id":"https:\/\/deco-glas.de\/fr\/#website"},"datePublished":"2021-06-15T12:54:52+00:00","dateModified":"2022-01-18T16:06:38+00:00","description":"P\u00e9tillant, rafra\u00eechissant, p\u00e9tillant \u2013 le champagne est synonyme de plaisir exquis. Une d\u00e9coration de bouteilles en verre renforce les attributs positifs de votre produit.","breadcrumb":{"@id":"https:\/\/deco-glas.de\/fr\/projets\/champagne\/#breadcrumb"},"inLanguage":"fr-FR","potentialAction":[{"@type":"ReadAction","target":["https:\/\/deco-glas.de\/fr\/projets\/champagne\/"]}]},{"@type":"BreadcrumbList","@id":"https:\/\/deco-glas.de\/fr\/projets\/champagne\/#breadcrumb","itemListElement":[{"@type":"ListItem","position":1,"name":"Home","item":"https:\/\/deco-glas.de\/fr\/"},{"@type":"ListItem","position":2,"name":"Votre projet","item":"https:\/\/deco-glas.de\/fr\/projets\/"},{"@type":"ListItem","position":3,"name":"Champagne"}]},{"@type":"WebSite","@id":"https:\/\/deco-glas.de\/fr\/#website","url":"https:\/\/deco-glas.de\/fr\/","name":"DECO GLAS D\u00e9coration de bouteilles en verre","description":"Expert en d\u00e9coration de bouteilles en verre","publisher":{"@id":"https:\/\/deco-glas.de\/fr\/#organization"},"potentialAction":[{"@type":"SearchAction","target":{"@type":"EntryPoint","urlTemplate":"https:\/\/deco-glas.de\/fr\/?s={search_term_string}"},"query-input":{"@type":"PropertyValueSpecification","valueRequired":true,"valueName":"search_term_string"}}],"inLanguage":"fr-FR"},{"@type":"Organization","@id":"https:\/\/deco-glas.de\/fr\/#organization","name":"DECO GLAS","url":"https:\/\/deco-glas.de\/fr\/","logo":{"@type":"ImageObject","inLanguage":"fr-FR","@id":"https:\/\/deco-glas.de\/fr\/#\/schema\/logo\/image\/","url":"https:\/\/deco-glas.de\/wp-content\/uploads\/2021\/07\/deco-glas.svg","contentUrl":"https:\/\/deco-glas.de\/wp-content\/uploads\/2021\/07\/deco-glas.svg","width":"1024","height":"1024","caption":"DECO GLAS"},"image":{"@id":"https:\/\/deco-glas.de\/fr\/#\/schema\/logo\/image\/"}}]}},"_links":{"self":[{"href":"https:\/\/deco-glas.de\/fr\/wp-json\/wp\/v2\/pages\/1393","targetHints":{"allow":["GET"]}}],"collection":[{"href":"https:\/\/deco-glas.de\/fr\/wp-json\/wp\/v2\/pages"}],"about":[{"href":"https:\/\/deco-glas.de\/fr\/wp-json\/wp\/v2\/types\/page"}],"author":[{"embeddable":true,"href":"https:\/\/deco-glas.de\/fr\/wp-json\/wp\/v2\/users\/1"}],"replies":[{"embeddable":true,"href":"https:\/\/deco-glas.de\/fr\/wp-json\/wp\/v2\/comments?post=1393"}],"version-history":[{"count":0,"href":"https:\/\/deco-glas.de\/fr\/wp-json\/wp\/v2\/pages\/1393\/revisions"}],"up":[{"embeddable":true,"href":"https:\/\/deco-glas.de\/fr\/wp-json\/wp\/v2\/pages\/1370"}],"wp:attachment":[{"href":"https:\/\/deco-glas.de\/fr\/wp-json\/wp\/v2\/media?parent=1393"}],"curies":[{"name":"wp","href":"https:\/\/api.w.org\/{rel}","templated":true}]}}