{"id":1568,"date":"2021-06-15T14:59:50","date_gmt":"2021-06-15T12:59:50","guid":{"rendered":"https:\/\/deco-glas.de\/engagement\/innovation\/"},"modified":"2024-12-05T12:14:56","modified_gmt":"2024-12-05T11:14:56","slug":"innovation","status":"publish","type":"page","link":"https:\/\/deco-glas.de\/fr\/engagement\/innovation\/","title":{"rendered":"L&rsquo;innovation"},"content":{"rendered":"","protected":false},"excerpt":{"rendered":"","protected":false},"author":1,"featured_media":0,"parent":1541,"menu_order":0,"comment_status":"closed","ping_status":"closed","template":"","meta":{"_acf_changed":false,"inline_featured_image":false,"footnotes":""},"class_list":["post-1568","page","type-page","status-publish","hentry"],"acf":[],"yoast_head":"<!-- This site is optimized with the Yoast SEO plugin v27.4 - https:\/\/yoast.com\/product\/yoast-seo-wordpress\/ -->\n<title>L&#039;innovation &#8211; DECO GLAS D\u00e9coration de bouteilles en verre<\/title>\n<meta name=\"description\" content=\"Gr\u00e2ce \u00e0 des innovations passionnantes, nous d\u00e9finissons de nouvelles tendances dans la d\u00e9coration de bouteilles en verre chez DECO GLAS. En quoi pouvons-nous vous aider ?\" \/>\n<meta name=\"robots\" content=\"index, follow, max-snippet:-1, max-image-preview:large, max-video-preview:-1\" \/>\n<link rel=\"canonical\" href=\"https:\/\/deco-glas.de\/fr\/engagement\/innovation\/\" \/>\n<meta property=\"og:locale\" content=\"fr_FR\" \/>\n<meta property=\"og:type\" content=\"article\" \/>\n<meta property=\"og:title\" content=\"L&#039;innovation &#8211; DECO GLAS D\u00e9coration de bouteilles en verre\" \/>\n<meta property=\"og:description\" content=\"Gr\u00e2ce \u00e0 des innovations passionnantes, nous d\u00e9finissons de nouvelles tendances dans la d\u00e9coration de bouteilles en verre chez DECO GLAS. En quoi pouvons-nous vous aider ?\" \/>\n<meta property=\"og:url\" content=\"https:\/\/deco-glas.de\/fr\/engagement\/innovation\/\" \/>\n<meta property=\"og:site_name\" content=\"DECO GLAS D\u00e9coration de bouteilles en verre\" \/>\n<meta property=\"article:modified_time\" content=\"2024-12-05T11:14:56+00:00\" \/>\n<meta name=\"twitter:card\" content=\"summary_large_image\" \/>\n<script type=\"application\/ld+json\" class=\"yoast-schema-graph\">{\"@context\":\"https:\\\/\\\/schema.org\",\"@graph\":[{\"@type\":\"WebPage\",\"@id\":\"https:\\\/\\\/deco-glas.de\\\/fr\\\/engagement\\\/innovation\\\/\",\"url\":\"https:\\\/\\\/deco-glas.de\\\/fr\\\/engagement\\\/innovation\\\/\",\"name\":\"L'innovation &#8211; DECO GLAS D\u00e9coration de bouteilles en verre\",\"isPartOf\":{\"@id\":\"https:\\\/\\\/deco-glas.de\\\/fr\\\/#website\"},\"datePublished\":\"2021-06-15T12:59:50+00:00\",\"dateModified\":\"2024-12-05T11:14:56+00:00\",\"description\":\"Gr\u00e2ce \u00e0 des innovations passionnantes, nous d\u00e9finissons de nouvelles tendances dans la d\u00e9coration de bouteilles en verre chez DECO GLAS. En quoi pouvons-nous vous aider ?\",\"breadcrumb\":{\"@id\":\"https:\\\/\\\/deco-glas.de\\\/fr\\\/engagement\\\/innovation\\\/#breadcrumb\"},\"inLanguage\":\"fr-FR\",\"potentialAction\":[{\"@type\":\"ReadAction\",\"target\":[\"https:\\\/\\\/deco-glas.de\\\/fr\\\/engagement\\\/innovation\\\/\"]}]},{\"@type\":\"BreadcrumbList\",\"@id\":\"https:\\\/\\\/deco-glas.de\\\/fr\\\/engagement\\\/innovation\\\/#breadcrumb\",\"itemListElement\":[{\"@type\":\"ListItem\",\"position\":1,\"name\":\"Home\",\"item\":\"https:\\\/\\\/deco-glas.de\\\/fr\\\/\"},{\"@type\":\"ListItem\",\"position\":2,\"name\":\"Notre engagement\",\"item\":\"https:\\\/\\\/deco-glas.de\\\/fr\\\/engagement\\\/\"},{\"@type\":\"ListItem\",\"position\":3,\"name\":\"L&#8217;innovation\"}]},{\"@type\":\"WebSite\",\"@id\":\"https:\\\/\\\/deco-glas.de\\\/fr\\\/#website\",\"url\":\"https:\\\/\\\/deco-glas.de\\\/fr\\\/\",\"name\":\"DECO GLAS D\u00e9coration de bouteilles en verre\",\"description\":\"Expert en d\u00e9coration de bouteilles en verre\",\"publisher\":{\"@id\":\"https:\\\/\\\/deco-glas.de\\\/fr\\\/#organization\"},\"potentialAction\":[{\"@type\":\"SearchAction\",\"target\":{\"@type\":\"EntryPoint\",\"urlTemplate\":\"https:\\\/\\\/deco-glas.de\\\/fr\\\/?s={search_term_string}\"},\"query-input\":{\"@type\":\"PropertyValueSpecification\",\"valueRequired\":true,\"valueName\":\"search_term_string\"}}],\"inLanguage\":\"fr-FR\"},{\"@type\":\"Organization\",\"@id\":\"https:\\\/\\\/deco-glas.de\\\/fr\\\/#organization\",\"name\":\"DECO GLAS\",\"url\":\"https:\\\/\\\/deco-glas.de\\\/fr\\\/\",\"logo\":{\"@type\":\"ImageObject\",\"inLanguage\":\"fr-FR\",\"@id\":\"https:\\\/\\\/deco-glas.de\\\/fr\\\/#\\\/schema\\\/logo\\\/image\\\/\",\"url\":\"https:\\\/\\\/deco-glas.de\\\/wp-content\\\/uploads\\\/2021\\\/07\\\/deco-glas.svg\",\"contentUrl\":\"https:\\\/\\\/deco-glas.de\\\/wp-content\\\/uploads\\\/2021\\\/07\\\/deco-glas.svg\",\"width\":\"1024\",\"height\":\"1024\",\"caption\":\"DECO GLAS\"},\"image\":{\"@id\":\"https:\\\/\\\/deco-glas.de\\\/fr\\\/#\\\/schema\\\/logo\\\/image\\\/\"}}]}<\/script>\n<!-- \/ Yoast SEO plugin. -->","yoast_head_json":{"title":"L'innovation &#8211; DECO GLAS D\u00e9coration de bouteilles en verre","description":"Gr\u00e2ce \u00e0 des innovations passionnantes, nous d\u00e9finissons de nouvelles tendances dans la d\u00e9coration de bouteilles en verre chez DECO GLAS. En quoi pouvons-nous vous aider ?","robots":{"index":"index","follow":"follow","max-snippet":"max-snippet:-1","max-image-preview":"max-image-preview:large","max-video-preview":"max-video-preview:-1"},"canonical":"https:\/\/deco-glas.de\/fr\/engagement\/innovation\/","og_locale":"fr_FR","og_type":"article","og_title":"L'innovation &#8211; DECO GLAS D\u00e9coration de bouteilles en verre","og_description":"Gr\u00e2ce \u00e0 des innovations passionnantes, nous d\u00e9finissons de nouvelles tendances dans la d\u00e9coration de bouteilles en verre chez DECO GLAS. En quoi pouvons-nous vous aider ?","og_url":"https:\/\/deco-glas.de\/fr\/engagement\/innovation\/","og_site_name":"DECO GLAS D\u00e9coration de bouteilles en verre","article_modified_time":"2024-12-05T11:14:56+00:00","twitter_card":"summary_large_image","schema":{"@context":"https:\/\/schema.org","@graph":[{"@type":"WebPage","@id":"https:\/\/deco-glas.de\/fr\/engagement\/innovation\/","url":"https:\/\/deco-glas.de\/fr\/engagement\/innovation\/","name":"L'innovation &#8211; DECO GLAS D\u00e9coration de bouteilles en verre","isPartOf":{"@id":"https:\/\/deco-glas.de\/fr\/#website"},"datePublished":"2021-06-15T12:59:50+00:00","dateModified":"2024-12-05T11:14:56+00:00","description":"Gr\u00e2ce \u00e0 des innovations passionnantes, nous d\u00e9finissons de nouvelles tendances dans la d\u00e9coration de bouteilles en verre chez DECO GLAS. En quoi pouvons-nous vous aider ?","breadcrumb":{"@id":"https:\/\/deco-glas.de\/fr\/engagement\/innovation\/#breadcrumb"},"inLanguage":"fr-FR","potentialAction":[{"@type":"ReadAction","target":["https:\/\/deco-glas.de\/fr\/engagement\/innovation\/"]}]},{"@type":"BreadcrumbList","@id":"https:\/\/deco-glas.de\/fr\/engagement\/innovation\/#breadcrumb","itemListElement":[{"@type":"ListItem","position":1,"name":"Home","item":"https:\/\/deco-glas.de\/fr\/"},{"@type":"ListItem","position":2,"name":"Notre engagement","item":"https:\/\/deco-glas.de\/fr\/engagement\/"},{"@type":"ListItem","position":3,"name":"L&#8217;innovation"}]},{"@type":"WebSite","@id":"https:\/\/deco-glas.de\/fr\/#website","url":"https:\/\/deco-glas.de\/fr\/","name":"DECO GLAS D\u00e9coration de bouteilles en verre","description":"Expert en d\u00e9coration de bouteilles en verre","publisher":{"@id":"https:\/\/deco-glas.de\/fr\/#organization"},"potentialAction":[{"@type":"SearchAction","target":{"@type":"EntryPoint","urlTemplate":"https:\/\/deco-glas.de\/fr\/?s={search_term_string}"},"query-input":{"@type":"PropertyValueSpecification","valueRequired":true,"valueName":"search_term_string"}}],"inLanguage":"fr-FR"},{"@type":"Organization","@id":"https:\/\/deco-glas.de\/fr\/#organization","name":"DECO GLAS","url":"https:\/\/deco-glas.de\/fr\/","logo":{"@type":"ImageObject","inLanguage":"fr-FR","@id":"https:\/\/deco-glas.de\/fr\/#\/schema\/logo\/image\/","url":"https:\/\/deco-glas.de\/wp-content\/uploads\/2021\/07\/deco-glas.svg","contentUrl":"https:\/\/deco-glas.de\/wp-content\/uploads\/2021\/07\/deco-glas.svg","width":"1024","height":"1024","caption":"DECO GLAS"},"image":{"@id":"https:\/\/deco-glas.de\/fr\/#\/schema\/logo\/image\/"}}]}},"_links":{"self":[{"href":"https:\/\/deco-glas.de\/fr\/wp-json\/wp\/v2\/pages\/1568","targetHints":{"allow":["GET"]}}],"collection":[{"href":"https:\/\/deco-glas.de\/fr\/wp-json\/wp\/v2\/pages"}],"about":[{"href":"https:\/\/deco-glas.de\/fr\/wp-json\/wp\/v2\/types\/page"}],"author":[{"embeddable":true,"href":"https:\/\/deco-glas.de\/fr\/wp-json\/wp\/v2\/users\/1"}],"replies":[{"embeddable":true,"href":"https:\/\/deco-glas.de\/fr\/wp-json\/wp\/v2\/comments?post=1568"}],"version-history":[{"count":0,"href":"https:\/\/deco-glas.de\/fr\/wp-json\/wp\/v2\/pages\/1568\/revisions"}],"up":[{"embeddable":true,"href":"https:\/\/deco-glas.de\/fr\/wp-json\/wp\/v2\/pages\/1541"}],"wp:attachment":[{"href":"https:\/\/deco-glas.de\/fr\/wp-json\/wp\/v2\/media?parent=1568"}],"curies":[{"name":"wp","href":"https:\/\/api.w.org\/{rel}","templated":true}]}}