{"id":3592,"date":"2023-03-09T13:31:08","date_gmt":"2023-03-09T12:31:08","guid":{"rendered":"https:\/\/deco-glas.de\/designforwine\/"},"modified":"2023-06-30T10:31:25","modified_gmt":"2023-06-30T08:31:25","slug":"design-pour-le-vin","status":"publish","type":"page","link":"https:\/\/deco-glas.de\/fr\/design-pour-le-vin\/","title":{"rendered":"Design pour le vin"},"content":{"rendered":"","protected":false},"excerpt":{"rendered":"","protected":false},"author":2,"featured_media":0,"parent":0,"menu_order":0,"comment_status":"closed","ping_status":"closed","template":"","meta":{"_acf_changed":false,"inline_featured_image":false,"footnotes":""},"class_list":["post-3592","page","type-page","status-publish","hentry"],"acf":[],"yoast_head":"<!-- This site is optimized with the Yoast SEO plugin v27.5 - https:\/\/yoast.com\/product\/yoast-seo-wordpress\/ -->\n<title>Design pour le vin &#8211; DECO GLAS D\u00e9coration de bouteilles en verre<\/title>\n<meta name=\"description\" content=\"La d\u00e9coration estivale des bouteilles DECO GLAS rafraichit \u00e9galement l&#039;\u0153il et conf\u00e8re \u00e0 votre vin la silhouette parfaite d\u2019un &quot;summer body&quot;.\" \/>\n<meta name=\"robots\" content=\"index, nofollow, max-snippet:-1, max-image-preview:large, max-video-preview:-1\" \/>\n<link rel=\"canonical\" href=\"https:\/\/deco-glas.de\/fr\/design-pour-le-vin\/\" \/>\n<meta property=\"og:locale\" content=\"fr_FR\" \/>\n<meta property=\"og:type\" content=\"article\" \/>\n<meta property=\"og:title\" content=\"Design pour le vin &#8211; DECO GLAS D\u00e9coration de bouteilles en verre\" \/>\n<meta property=\"og:description\" content=\"La d\u00e9coration estivale des bouteilles DECO GLAS rafraichit \u00e9galement l&#039;\u0153il et conf\u00e8re \u00e0 votre vin la silhouette parfaite d\u2019un &quot;summer body&quot;.\" \/>\n<meta property=\"og:url\" content=\"https:\/\/deco-glas.de\/fr\/design-pour-le-vin\/\" \/>\n<meta property=\"og:site_name\" content=\"DECO GLAS D\u00e9coration de bouteilles en verre\" \/>\n<meta property=\"article:modified_time\" content=\"2023-06-30T08:31:25+00:00\" \/>\n<meta name=\"twitter:card\" content=\"summary_large_image\" \/>\n<script type=\"application\/ld+json\" class=\"yoast-schema-graph\">{\"@context\":\"https:\\\/\\\/schema.org\",\"@graph\":[{\"@type\":\"WebPage\",\"@id\":\"https:\\\/\\\/deco-glas.de\\\/fr\\\/design-pour-le-vin\\\/\",\"url\":\"https:\\\/\\\/deco-glas.de\\\/fr\\\/design-pour-le-vin\\\/\",\"name\":\"Design pour le vin &#8211; DECO GLAS D\u00e9coration de bouteilles en verre\",\"isPartOf\":{\"@id\":\"https:\\\/\\\/deco-glas.de\\\/fr\\\/#website\"},\"datePublished\":\"2023-03-09T12:31:08+00:00\",\"dateModified\":\"2023-06-30T08:31:25+00:00\",\"description\":\"La d\u00e9coration estivale des bouteilles DECO GLAS rafraichit \u00e9galement l'\u0153il et conf\u00e8re \u00e0 votre vin la silhouette parfaite d\u2019un \\\"summer body\\\".\",\"breadcrumb\":{\"@id\":\"https:\\\/\\\/deco-glas.de\\\/fr\\\/design-pour-le-vin\\\/#breadcrumb\"},\"inLanguage\":\"fr-FR\",\"potentialAction\":[{\"@type\":\"ReadAction\",\"target\":[\"https:\\\/\\\/deco-glas.de\\\/fr\\\/design-pour-le-vin\\\/\"]}]},{\"@type\":\"BreadcrumbList\",\"@id\":\"https:\\\/\\\/deco-glas.de\\\/fr\\\/design-pour-le-vin\\\/#breadcrumb\",\"itemListElement\":[{\"@type\":\"ListItem\",\"position\":1,\"name\":\"Home\",\"item\":\"https:\\\/\\\/deco-glas.de\\\/fr\\\/\"},{\"@type\":\"ListItem\",\"position\":2,\"name\":\"Design pour le vin\"}]},{\"@type\":\"WebSite\",\"@id\":\"https:\\\/\\\/deco-glas.de\\\/fr\\\/#website\",\"url\":\"https:\\\/\\\/deco-glas.de\\\/fr\\\/\",\"name\":\"DECO GLAS D\u00e9coration de bouteilles en verre\",\"description\":\"Expert en d\u00e9coration de bouteilles en verre\",\"publisher\":{\"@id\":\"https:\\\/\\\/deco-glas.de\\\/fr\\\/#organization\"},\"potentialAction\":[{\"@type\":\"SearchAction\",\"target\":{\"@type\":\"EntryPoint\",\"urlTemplate\":\"https:\\\/\\\/deco-glas.de\\\/fr\\\/?s={search_term_string}\"},\"query-input\":{\"@type\":\"PropertyValueSpecification\",\"valueRequired\":true,\"valueName\":\"search_term_string\"}}],\"inLanguage\":\"fr-FR\"},{\"@type\":\"Organization\",\"@id\":\"https:\\\/\\\/deco-glas.de\\\/fr\\\/#organization\",\"name\":\"DECO GLAS\",\"url\":\"https:\\\/\\\/deco-glas.de\\\/fr\\\/\",\"logo\":{\"@type\":\"ImageObject\",\"inLanguage\":\"fr-FR\",\"@id\":\"https:\\\/\\\/deco-glas.de\\\/fr\\\/#\\\/schema\\\/logo\\\/image\\\/\",\"url\":\"https:\\\/\\\/deco-glas.de\\\/wp-content\\\/uploads\\\/2021\\\/07\\\/deco-glas.svg\",\"contentUrl\":\"https:\\\/\\\/deco-glas.de\\\/wp-content\\\/uploads\\\/2021\\\/07\\\/deco-glas.svg\",\"width\":\"1024\",\"height\":\"1024\",\"caption\":\"DECO GLAS\"},\"image\":{\"@id\":\"https:\\\/\\\/deco-glas.de\\\/fr\\\/#\\\/schema\\\/logo\\\/image\\\/\"}}]}<\/script>\n<!-- \/ Yoast SEO plugin. -->","yoast_head_json":{"title":"Design pour le vin &#8211; DECO GLAS D\u00e9coration de bouteilles en verre","description":"La d\u00e9coration estivale des bouteilles DECO GLAS rafraichit \u00e9galement l'\u0153il et conf\u00e8re \u00e0 votre vin la silhouette parfaite d\u2019un \"summer body\".","robots":{"index":"index","follow":"nofollow","max-snippet":"max-snippet:-1","max-image-preview":"max-image-preview:large","max-video-preview":"max-video-preview:-1"},"canonical":"https:\/\/deco-glas.de\/fr\/design-pour-le-vin\/","og_locale":"fr_FR","og_type":"article","og_title":"Design pour le vin &#8211; DECO GLAS D\u00e9coration de bouteilles en verre","og_description":"La d\u00e9coration estivale des bouteilles DECO GLAS rafraichit \u00e9galement l'\u0153il et conf\u00e8re \u00e0 votre vin la silhouette parfaite d\u2019un \"summer body\".","og_url":"https:\/\/deco-glas.de\/fr\/design-pour-le-vin\/","og_site_name":"DECO GLAS D\u00e9coration de bouteilles en verre","article_modified_time":"2023-06-30T08:31:25+00:00","twitter_card":"summary_large_image","schema":{"@context":"https:\/\/schema.org","@graph":[{"@type":"WebPage","@id":"https:\/\/deco-glas.de\/fr\/design-pour-le-vin\/","url":"https:\/\/deco-glas.de\/fr\/design-pour-le-vin\/","name":"Design pour le vin &#8211; DECO GLAS D\u00e9coration de bouteilles en verre","isPartOf":{"@id":"https:\/\/deco-glas.de\/fr\/#website"},"datePublished":"2023-03-09T12:31:08+00:00","dateModified":"2023-06-30T08:31:25+00:00","description":"La d\u00e9coration estivale des bouteilles DECO GLAS rafraichit \u00e9galement l'\u0153il et conf\u00e8re \u00e0 votre vin la silhouette parfaite d\u2019un \"summer body\".","breadcrumb":{"@id":"https:\/\/deco-glas.de\/fr\/design-pour-le-vin\/#breadcrumb"},"inLanguage":"fr-FR","potentialAction":[{"@type":"ReadAction","target":["https:\/\/deco-glas.de\/fr\/design-pour-le-vin\/"]}]},{"@type":"BreadcrumbList","@id":"https:\/\/deco-glas.de\/fr\/design-pour-le-vin\/#breadcrumb","itemListElement":[{"@type":"ListItem","position":1,"name":"Home","item":"https:\/\/deco-glas.de\/fr\/"},{"@type":"ListItem","position":2,"name":"Design pour le vin"}]},{"@type":"WebSite","@id":"https:\/\/deco-glas.de\/fr\/#website","url":"https:\/\/deco-glas.de\/fr\/","name":"DECO GLAS D\u00e9coration de bouteilles en verre","description":"Expert en d\u00e9coration de bouteilles en verre","publisher":{"@id":"https:\/\/deco-glas.de\/fr\/#organization"},"potentialAction":[{"@type":"SearchAction","target":{"@type":"EntryPoint","urlTemplate":"https:\/\/deco-glas.de\/fr\/?s={search_term_string}"},"query-input":{"@type":"PropertyValueSpecification","valueRequired":true,"valueName":"search_term_string"}}],"inLanguage":"fr-FR"},{"@type":"Organization","@id":"https:\/\/deco-glas.de\/fr\/#organization","name":"DECO GLAS","url":"https:\/\/deco-glas.de\/fr\/","logo":{"@type":"ImageObject","inLanguage":"fr-FR","@id":"https:\/\/deco-glas.de\/fr\/#\/schema\/logo\/image\/","url":"https:\/\/deco-glas.de\/wp-content\/uploads\/2021\/07\/deco-glas.svg","contentUrl":"https:\/\/deco-glas.de\/wp-content\/uploads\/2021\/07\/deco-glas.svg","width":"1024","height":"1024","caption":"DECO GLAS"},"image":{"@id":"https:\/\/deco-glas.de\/fr\/#\/schema\/logo\/image\/"}}]}},"_links":{"self":[{"href":"https:\/\/deco-glas.de\/fr\/wp-json\/wp\/v2\/pages\/3592","targetHints":{"allow":["GET"]}}],"collection":[{"href":"https:\/\/deco-glas.de\/fr\/wp-json\/wp\/v2\/pages"}],"about":[{"href":"https:\/\/deco-glas.de\/fr\/wp-json\/wp\/v2\/types\/page"}],"author":[{"embeddable":true,"href":"https:\/\/deco-glas.de\/fr\/wp-json\/wp\/v2\/users\/2"}],"replies":[{"embeddable":true,"href":"https:\/\/deco-glas.de\/fr\/wp-json\/wp\/v2\/comments?post=3592"}],"version-history":[{"count":0,"href":"https:\/\/deco-glas.de\/fr\/wp-json\/wp\/v2\/pages\/3592\/revisions"}],"wp:attachment":[{"href":"https:\/\/deco-glas.de\/fr\/wp-json\/wp\/v2\/media?parent=3592"}],"curies":[{"name":"wp","href":"https:\/\/api.w.org\/{rel}","templated":true}]}}